{"id":21,"date":"2014-02-26T12:50:20","date_gmt":"2014-02-26T10:50:20","guid":{"rendered":"http:\/\/localhost\/meg\/?page_id=6"},"modified":"2017-07-14T11:10:24","modified_gmt":"2017-07-14T08:10:24","slug":"anasayfa","status":"publish","type":"page","link":"https:\/\/www.altso.org.tr\/en\/","title":{"rendered":"Home"},"content":{"rendered":"<div id=\"aq-template-wrapper-134\" class=\"aq-template-wrapper aq_row\">\n<div id=\"aq-block-134-1\" class=\"aq-block aq-block-home_post_below_list aq_span12 aq-first clearfix\">\n<div class=\"widget post_list_medium_widget grid_below_list color-5 altso-anasayfa-hakkinda\">\n<div class=\"widget-title\">\n<h2>About Chamber<\/h2>\n<\/div>\n<div class=\"widget_container\">\n<div class=\"post_list_medium\">\n<div class=\"post_list_medium_widget\">\n<div class=\"feature-post-list list-post-builder loop-post-content list-with-below-grid appear_animation\">\n<div class=\"image_post feature-item grid_below_image\">\n                 <a href=\"https:\/\/www.altso.org.tr\/en\/genel\/altso-sinirlari-asti\/\" class=\"feature-link\" title=\"(Turkish) ALTSO SINIRLARI A\u015eTI\"><br \/>\n<img loading=\"lazy\" decoding=\"async\" width=\"400\" height=\"260\" src=\"https:\/\/www.altso.org.tr\/wp-content\/uploads\/2026\/04\/0-400x260.jpg\" class=\"attachment-medium-feature size-medium-feature wp-post-image\" alt=\"\" \/><br \/>\n<\/a>\n                     <\/div>\n<div class=\"post_loop_content\">\n<div class=\"meta_holder\">\n<span class=\"meta-category-small\"><a class=\"post-category-color-text\" style=\"color:#\" href=\"https:\/\/www.altso.org.tr\/en\/kategori\/genel\/\">Genel<\/a><a class=\"post-category-color-text\" style=\"color:#\" href=\"https:\/\/www.altso.org.tr\/en\/kategori\/is-olanaklari\/\">Business Opportunities<\/a><a class=\"post-category-color-text\" style=\"color:#\" href=\"https:\/\/www.altso.org.tr\/en\/kategori\/odamiz-hakkinda\/\">About Chamber<\/a><\/span><span class=\"love_this_post_meta\"><a href=\"#\" class=\"jm-post-like\" data-post_id=\"361074\" title=\"Like\"><i class=\"fa fa-heart-o\"><\/i>0<\/a><\/span><\/div>\n<h3 class=\"image-post-title feature_2col\"><a href=\"https:\/\/www.altso.org.tr\/en\/genel\/altso-sinirlari-asti\/\">(Turkish) ALTSO SINIRLARI A\u015eTI<\/a><\/h3>\n<p class=\"post-meta meta-main-img\"><span class=\"post-date\"><i class=\"fa fa-clock-o\"><\/i>Apr 02, 2026<\/span><\/p>\n<p class=\"post_des\">Sorry, this entry is only available in Turkish. <\/p>\n<p><a class=\"more_button_post\" href=\"https:\/\/www.altso.org.tr\/en\/genel\/altso-sinirlari-asti\/\">Read More<\/a>\n<\/div>\n<\/p><\/div>\n<\/p><\/div>\n<div class=\"grid_3 grid margin2 appear_animation\">\n<div class=\"image_post feature-item box-1\">\n                    <a  href=\"https:\/\/www.altso.org.tr\/en\/genel\/altso-meclisinin-konugu-rektor-turkdogan\/\"  class=\"feature-link\" title=\"(Turkish) ALTSO MECL\u0130S\u0130\u2019N\u0130N KONU\u011eU REKT\u00d6R T\u00dcRKDO\u011eAN\"><br \/>\n<img loading=\"lazy\" decoding=\"async\" width=\"250\" height=\"242\" src=\"https:\/\/www.altso.org.tr\/wp-content\/uploads\/2026\/03\/3-250x242.jpg\" class=\"attachment-feature-grid size-feature-grid wp-post-image\" alt=\"\" \/><\/a><\/p>\n<div class=\"caption-overlay\">\n<div class=\"hold_category_post_type\">\n  \t\t\t        <\/div>\n<p>                    <a href=\"https:\/\/www.altso.org.tr\/en\/genel\/altso-meclisinin-konugu-rektor-turkdogan\/\" title=\"(Turkish) ALTSO MECL\u0130S\u0130\u2019N\u0130N KONU\u011eU REKT\u00d6R T\u00dcRKDO\u011eAN\" class=\"inside\"><\/p>\n<h3>(Turkish) ALTSO MECL\u0130S\u0130\u2019N\u0130N KONU\u011eU REKT\u00d6R T\u00dcRKDO\u011eAN<\/h3>\n<p>                    <\/a><\/p><\/div>\n<\/p><\/div>\n<\/p><\/div>\n<div class=\"grid_3 grid margin3 appear_animation\">\n<div class=\"image_post feature-item box-1\">\n                    <a  href=\"https:\/\/www.altso.org.tr\/en\/odamiz-hakkinda\/baskan-erdemden-ramazan-bayrami-mesaji\/\"  class=\"feature-link\" title=\"(Turkish) BA\u015eKAN ERDEM\u2019DEN RAMAZAN BAYRAMI MESAJI\"><br \/>\n<img loading=\"lazy\" decoding=\"async\" width=\"250\" height=\"242\" src=\"https:\/\/www.altso.org.tr\/wp-content\/uploads\/2026\/03\/img_0637-250x242.jpg\" class=\"attachment-feature-grid size-feature-grid wp-post-image\" alt=\"\" \/><\/a><\/p>\n<div class=\"caption-overlay\">\n<div class=\"hold_category_post_type\">\n  \t\t\t        <\/div>\n<p>                    <a href=\"https:\/\/www.altso.org.tr\/en\/odamiz-hakkinda\/baskan-erdemden-ramazan-bayrami-mesaji\/\" title=\"(Turkish) BA\u015eKAN ERDEM\u2019DEN RAMAZAN BAYRAMI MESAJI\" class=\"inside\"><\/p>\n<h3>(Turkish) BA\u015eKAN ERDEM\u2019DEN RAMAZAN BAYRAMI MESAJI<\/h3>\n<p>                    <\/a><\/p><\/div>\n<\/p><\/div>\n<\/p><\/div>\n<div class=\"grid_3 grid margin4 appear_animation\">\n<div class=\"image_post feature-item box-1\">\n                    <a  href=\"https:\/\/www.altso.org.tr\/en\/genel\/altsodan-ornek-iftar-karari\/\"  class=\"feature-link\" title=\"(Turkish) ALTSO\u2019DAN \u00d6RNEK \u0130FTAR KARARI\"><br \/>\n<img loading=\"lazy\" decoding=\"async\" width=\"250\" height=\"242\" src=\"https:\/\/www.altso.org.tr\/wp-content\/uploads\/2026\/02\/1-2-250x242.jpg\" class=\"attachment-feature-grid size-feature-grid wp-post-image\" alt=\"\" \/><\/a><\/p>\n<div class=\"caption-overlay\">\n<div class=\"hold_category_post_type\">\n  \t\t\t        <\/div>\n<p>                    <a href=\"https:\/\/www.altso.org.tr\/en\/genel\/altsodan-ornek-iftar-karari\/\" title=\"(Turkish) ALTSO\u2019DAN \u00d6RNEK \u0130FTAR KARARI\" class=\"inside\"><\/p>\n<h3>(Turkish) ALTSO\u2019DAN \u00d6RNEK \u0130FTAR KARARI<\/h3>\n<p>                    <\/a><\/p><\/div>\n<\/p><\/div>\n<\/p><\/div>\n<div class=\"grid_3 grid margin5 appear_animation\">\n<div class=\"image_post feature-item box-1\">\n                    <a  href=\"https:\/\/www.altso.org.tr\/en\/genel\/altsoda-uye-aidatlarina-zam-yok\/\"  class=\"feature-link\" title=\"(Turkish) ALTSO\u2019DA \u00dcYE A\u0130DATLARINA ZAM YOK\"><br \/>\n<img loading=\"lazy\" decoding=\"async\" width=\"250\" height=\"242\" src=\"https:\/\/www.altso.org.tr\/wp-content\/uploads\/2025\/01\/uye-aidatlara-zam-yok-250x242.jpg\" class=\"attachment-feature-grid size-feature-grid wp-post-image\" alt=\"\" \/><\/a><\/p>\n<div class=\"caption-overlay\">\n<div class=\"hold_category_post_type\">\n  \t\t\t        <\/div>\n<p>                    <a href=\"https:\/\/www.altso.org.tr\/en\/genel\/altsoda-uye-aidatlarina-zam-yok\/\" title=\"(Turkish) ALTSO\u2019DA \u00dcYE A\u0130DATLARINA ZAM YOK\" class=\"inside\"><\/p>\n<h3>(Turkish) ALTSO\u2019DA \u00dcYE A\u0130DATLARINA ZAM YOK<\/h3>\n<p>                    <\/a><\/p><\/div>\n<\/p><\/div>\n<\/p><\/div>\n<div class=\"grid_3 grid margin6 appear_animation\">\n<div class=\"image_post feature-item box-1\">\n                    <a  href=\"https:\/\/www.altso.org.tr\/en\/genel\/erdem-isin-pesini-birakmiyor\/\"  class=\"feature-link\" title=\"(Turkish) ERDEM \u0130\u015e\u0130N PE\u015e\u0130N\u0130 BIRAKMIYOR\"><br \/>\n<img loading=\"lazy\" decoding=\"async\" width=\"250\" height=\"242\" src=\"https:\/\/www.altso.org.tr\/wp-content\/uploads\/2025\/12\/whatsapp-image-2025-12-16-at-13-06-52-250x242.jpeg\" class=\"attachment-feature-grid size-feature-grid wp-post-image\" alt=\"\" \/><\/a><\/p>\n<div class=\"caption-overlay\">\n<div class=\"hold_category_post_type\">\n  \t\t\t        <\/div>\n<p>                    <a href=\"https:\/\/www.altso.org.tr\/en\/genel\/erdem-isin-pesini-birakmiyor\/\" title=\"(Turkish) ERDEM \u0130\u015e\u0130N PE\u015e\u0130N\u0130 BIRAKMIYOR\" class=\"inside\"><\/p>\n<h3>(Turkish) ERDEM \u0130\u015e\u0130N PE\u015e\u0130N\u0130 BIRAKMIYOR<\/h3>\n<p>                    <\/a><\/p><\/div>\n<\/p><\/div>\n<\/p><\/div>\n<div class=\"grid_3 grid margin7 appear_animation\">\n<div class=\"image_post feature-item box-1\">\n                    <a  href=\"https:\/\/www.altso.org.tr\/en\/genel\/altso-baskani-eray-erdem-ankarada-alanyanin-sesi-oldu\/\"  class=\"feature-link\" title=\"(Turkish) ALTSO BA\u015eKANI ERAY ERDEM, ANKARA\u2019DA ALANYA\u2019NIN SES\u0130 OLDU\"><br \/>\n<img loading=\"lazy\" decoding=\"async\" width=\"250\" height=\"242\" src=\"https:\/\/www.altso.org.tr\/wp-content\/uploads\/2025\/12\/whatsapp-image-2025-12-05-at-17-24-59-250x242.jpeg\" class=\"attachment-feature-grid size-feature-grid wp-post-image\" alt=\"\" \/><\/a><\/p>\n<div class=\"caption-overlay\">\n<div class=\"hold_category_post_type\">\n  \t\t\t        <\/div>\n<p>                    <a href=\"https:\/\/www.altso.org.tr\/en\/genel\/altso-baskani-eray-erdem-ankarada-alanyanin-sesi-oldu\/\" title=\"(Turkish) ALTSO BA\u015eKANI ERAY ERDEM, ANKARA\u2019DA ALANYA\u2019NIN SES\u0130 OLDU\" class=\"inside\"><\/p>\n<h3>(Turkish) ALTSO BA\u015eKANI ERAY ERDEM, ANKARA\u2019DA ALANYA\u2019NIN SES\u0130 OLDU<\/h3>\n<p>                    <\/a><\/p><\/div>\n<\/p><\/div>\n<\/p><\/div>\n<div class=\"grid_3 grid margin8 appear_animation\">\n<div class=\"image_post feature-item box-1\">\n                    <a  href=\"https:\/\/www.altso.org.tr\/en\/genel\/altso-meclis-ve-musterek-komiteler-toplantisi-gerceklestirildi-2\/\"  class=\"feature-link\" title=\"(Turkish) ALTSO MECL\u0130S VE M\u00dc\u015eTEREK KOM\u0130TELER TOPLANTISI GER\u00c7EKLE\u015eT\u0130R\u0130LD\u0130\"><br \/>\n<img loading=\"lazy\" decoding=\"async\" width=\"250\" height=\"242\" src=\"https:\/\/www.altso.org.tr\/wp-content\/uploads\/2025\/11\/1-250x242.jpeg\" class=\"attachment-feature-grid size-feature-grid wp-post-image\" alt=\"\" \/><\/a><\/p>\n<div class=\"caption-overlay\">\n<div class=\"hold_category_post_type\">\n  \t\t\t        <\/div>\n<p>                    <a href=\"https:\/\/www.altso.org.tr\/en\/genel\/altso-meclis-ve-musterek-komiteler-toplantisi-gerceklestirildi-2\/\" title=\"(Turkish) ALTSO MECL\u0130S VE M\u00dc\u015eTEREK KOM\u0130TELER TOPLANTISI GER\u00c7EKLE\u015eT\u0130R\u0130LD\u0130\" class=\"inside\"><\/p>\n<h3>(Turkish) ALTSO MECL\u0130S VE M\u00dc\u015eTEREK KOM\u0130TELER TOPLANTISI GER\u00c7EKLE\u015eT\u0130R\u0130LD\u0130<\/h3>\n<p>                    <\/a><\/p><\/div>\n<\/p><\/div>\n<\/p><\/div>\n<div class=\"grid_3 grid margin9 appear_animation\">\n<div class=\"image_post feature-item box-1\">\n                    <a  href=\"https:\/\/www.altso.org.tr\/en\/genel\/altsodan-ogrencilere-anlamli-destek\/\"  class=\"feature-link\" title=\"(Turkish) ALTSO\u2019DAN \u00d6\u011eRENC\u0130LERE ANLAMLI DESTEK\"><br \/>\n<img loading=\"lazy\" decoding=\"async\" width=\"250\" height=\"242\" src=\"https:\/\/www.altso.org.tr\/wp-content\/uploads\/2025\/11\/8-250x242.jpg\" class=\"attachment-feature-grid size-feature-grid wp-post-image\" alt=\"\" \/><\/a><\/p>\n<div class=\"caption-overlay\">\n<div class=\"hold_category_post_type\">\n  \t\t\t        <\/div>\n<p>                    <a href=\"https:\/\/www.altso.org.tr\/en\/genel\/altsodan-ogrencilere-anlamli-destek\/\" title=\"(Turkish) ALTSO\u2019DAN \u00d6\u011eRENC\u0130LERE ANLAMLI DESTEK\" class=\"inside\"><\/p>\n<h3>(Turkish) ALTSO\u2019DAN \u00d6\u011eRENC\u0130LERE ANLAMLI DESTEK<\/h3>\n<p>                    <\/a><\/p><\/div>\n<\/p><\/div>\n<\/p><\/div>\n<\/p><\/div>\n<\/p><\/div>\n<\/p><\/div>\n<\/p><\/div>\n<div id=\"aq-block-134-2\" class=\"aq-block aq-block-home_post_grid_small aq_span12 aq-first clearfix\">\n<div class=\"widget four-post-style color-9 altso-anasayfa-diger d-none\">\n<div class=\"widget-title\">\n<h2>Others<\/h2>\n<\/div>\n<div class=\"widget_container\">\n<div class=\"feature-four-column medium-four-columns appear_animation\">\n<div class=\"image_post feature-item\">\n                   <a  href=\"https:\/\/www.altso.org.tr\/en\/genel\/altso-sinirlari-asti\/\" class=\"feature-link\" title=\"(Turkish) ALTSO SINIRLARI A\u015eTI\"><br \/>\n<img loading=\"lazy\" decoding=\"async\" width=\"171\" height=\"108\" src=\"https:\/\/www.altso.org.tr\/wp-content\/uploads\/2026\/04\/0-171x108.jpg\" class=\"attachment-small-grid size-small-grid wp-post-image\" alt=\"\" srcset=\"https:\/\/www.altso.org.tr\/wp-content\/uploads\/2026\/04\/0-171x108.jpg 171w, https:\/\/www.altso.org.tr\/wp-content\/uploads\/2026\/04\/0-300x190.jpg 300w, https:\/\/www.altso.org.tr\/wp-content\/uploads\/2026\/04\/0-1024x649.jpg 1024w, https:\/\/www.altso.org.tr\/wp-content\/uploads\/2026\/04\/0-768x487.jpg 768w, https:\/\/www.altso.org.tr\/wp-content\/uploads\/2026\/04\/0-1536x973.jpg 1536w, https:\/\/www.altso.org.tr\/wp-content\/uploads\/2026\/04\/0-2048x1297.jpg 2048w\" sizes=\"auto, (max-width: 171px) 100vw, 171px\" \/><\/a>\n                     <\/div>\n<div class=\"meta_holder\">\n<span class=\"meta-category-small\"><a class=\"post-category-color-text\" style=\"color:#\" href=\"https:\/\/www.altso.org.tr\/en\/kategori\/genel\/\">Genel<\/a><a class=\"post-category-color-text\" style=\"color:#\" href=\"https:\/\/www.altso.org.tr\/en\/kategori\/is-olanaklari\/\">Business Opportunities<\/a><a class=\"post-category-color-text\" style=\"color:#\" href=\"https:\/\/www.altso.org.tr\/en\/kategori\/odamiz-hakkinda\/\">About Chamber<\/a><\/span><span class=\"love_this_post_meta\"><a href=\"#\" class=\"jm-post-like\" data-post_id=\"361074\" title=\"Like\"><i class=\"fa fa-heart-o\"><\/i>0<\/a><\/span><\/div>\n<h3 class=\"image-post-title columns_post\"><a href=\"https:\/\/www.altso.org.tr\/en\/genel\/altso-sinirlari-asti\/\">(Turkish) ALTSO SINIRLARI A\u015eTI<\/a><\/h3>\n<p class=\"post-meta meta-main-img\"><span class=\"post-date\"><i class=\"fa fa-clock-o\"><\/i>Apr 02, 2026<\/span><\/p>\n<p>Sorry, this entry is only available in Turkish. <\/p>\n<div class=\"footer_meta\"><a href=\"https:\/\/www.altso.org.tr\/en\/genel\/altso-sinirlari-asti\/\" class=\"footer_meta_readmore\">Read more<\/a><\/div>\n<\/div>\n<div class=\"feature-four-column medium-four-columns appear_animation\">\n<div class=\"image_post feature-item\">\n                   <a  href=\"https:\/\/www.altso.org.tr\/en\/genel\/altso-meclisinin-konugu-rektor-turkdogan\/\" class=\"feature-link\" title=\"(Turkish) ALTSO MECL\u0130S\u0130\u2019N\u0130N KONU\u011eU REKT\u00d6R T\u00dcRKDO\u011eAN\"><br \/>\n<img loading=\"lazy\" decoding=\"async\" width=\"171\" height=\"108\" src=\"https:\/\/www.altso.org.tr\/wp-content\/uploads\/2026\/03\/3-171x108.jpg\" class=\"attachment-small-grid size-small-grid wp-post-image\" alt=\"\" \/><\/a>\n                     <\/div>\n<div class=\"meta_holder\">\n<span class=\"meta-category-small\"><a class=\"post-category-color-text\" style=\"color:#\" href=\"https:\/\/www.altso.org.tr\/en\/kategori\/genel\/\">Genel<\/a><a class=\"post-category-color-text\" style=\"color:#\" href=\"https:\/\/www.altso.org.tr\/en\/kategori\/odamiz-hakkinda\/\">About Chamber<\/a><\/span><span class=\"love_this_post_meta\"><a href=\"#\" class=\"jm-post-like\" data-post_id=\"361033\" title=\"Like\"><i class=\"fa fa-heart-o\"><\/i>0<\/a><\/span><\/div>\n<h3 class=\"image-post-title columns_post\"><a href=\"https:\/\/www.altso.org.tr\/en\/genel\/altso-meclisinin-konugu-rektor-turkdogan\/\">(Turkish) ALTSO MECL\u0130S\u0130\u2019N\u0130N KONU\u011eU REKT\u00d6R T\u00dcRKDO\u011eAN<\/a><\/h3>\n<p class=\"post-meta meta-main-img\"><span class=\"post-date\"><i class=\"fa fa-clock-o\"><\/i>Mar 31, 2026<\/span><\/p>\n<p>Sorry, this entry is only available in Turkish. <\/p>\n<div class=\"footer_meta\"><a href=\"https:\/\/www.altso.org.tr\/en\/genel\/altso-meclisinin-konugu-rektor-turkdogan\/\" class=\"footer_meta_readmore\">Read more<\/a><\/div>\n<\/div>\n<div class=\"feature-four-column medium-four-columns appear_animation\">\n<div class=\"image_post feature-item\">\n                   <a  href=\"https:\/\/www.altso.org.tr\/en\/genel\/baskan-erdem-sezona-daha-guclu-girebilmek-icin-destek-sart\/\" class=\"feature-link\" title=\"(Turkish) BA\u015eKAN ERDEM: \u201cSEZONA DAHA G\u00dc\u00c7L\u00dc G\u0130REB\u0130LMEK \u0130\u00c7\u0130N DESTEK \u015eART\u201d\"><br \/>\n<img loading=\"lazy\" decoding=\"async\" width=\"171\" height=\"108\" src=\"https:\/\/www.altso.org.tr\/wp-content\/uploads\/2025\/11\/6-1-171x108.jpg\" class=\"attachment-small-grid size-small-grid wp-post-image\" alt=\"\" \/><\/a>\n                     <\/div>\n<div class=\"meta_holder\">\n<span class=\"meta-category-small\"><a class=\"post-category-color-text\" style=\"color:#\" href=\"https:\/\/www.altso.org.tr\/en\/kategori\/genel\/\">Genel<\/a><a class=\"post-category-color-text\" style=\"color:#\" href=\"https:\/\/www.altso.org.tr\/en\/kategori\/sosyal-sorumluluk\/\">Social Responsibility<\/a><a class=\"post-category-color-text\" style=\"color:#\" href=\"https:\/\/www.altso.org.tr\/en\/kategori\/tanitim\/\">Publicity<\/a><\/span><span class=\"love_this_post_meta\"><a href=\"#\" class=\"jm-post-like\" data-post_id=\"360973\" title=\"Like\"><i class=\"fa fa-heart-o\"><\/i>0<\/a><\/span><\/div>\n<h3 class=\"image-post-title columns_post\"><a href=\"https:\/\/www.altso.org.tr\/en\/genel\/baskan-erdem-sezona-daha-guclu-girebilmek-icin-destek-sart\/\">(Turkish) BA\u015eKAN ERDEM: \u201cSEZONA DAHA G\u00dc\u00c7L\u00dc G\u0130REB\u0130LMEK \u0130\u00c7\u0130N DESTEK \u015eART\u201d<\/a><\/h3>\n<p class=\"post-meta meta-main-img\"><span class=\"post-date\"><i class=\"fa fa-clock-o\"><\/i>Mar 24, 2026<\/span><\/p>\n<p>Sorry, this entry is only available in Turkish. <\/p>\n<div class=\"footer_meta\"><a href=\"https:\/\/www.altso.org.tr\/en\/genel\/baskan-erdem-sezona-daha-guclu-girebilmek-icin-destek-sart\/\" class=\"footer_meta_readmore\">Read more<\/a><\/div>\n<\/div>\n<div class=\"clearfix\"><\/div>\n<\/p><\/div>\n<\/p><\/div>\n<\/p><\/div>\n<\/div>\n","protected":false},"excerpt":{"rendered":"","protected":false},"author":1,"featured_media":0,"parent":0,"menu_order":0,"comment_status":"open","ping_status":"closed","template":"home-page.php","meta":{"footnotes":""},"class_list":["post-21","page","type-page","status-publish","hentry"],"_links":{"self":[{"href":"https:\/\/www.altso.org.tr\/en\/wp-json\/wp\/v2\/pages\/21","targetHints":{"allow":["GET"]}}],"collection":[{"href":"https:\/\/www.altso.org.tr\/en\/wp-json\/wp\/v2\/pages"}],"about":[{"href":"https:\/\/www.altso.org.tr\/en\/wp-json\/wp\/v2\/types\/page"}],"author":[{"embeddable":true,"href":"https:\/\/www.altso.org.tr\/en\/wp-json\/wp\/v2\/users\/1"}],"replies":[{"embeddable":true,"href":"https:\/\/www.altso.org.tr\/en\/wp-json\/wp\/v2\/comments?post=21"}],"version-history":[{"count":0,"href":"https:\/\/www.altso.org.tr\/en\/wp-json\/wp\/v2\/pages\/21\/revisions"}],"wp:attachment":[{"href":"https:\/\/www.altso.org.tr\/en\/wp-json\/wp\/v2\/media?parent=21"}],"curies":[{"name":"wp","href":"https:\/\/api.w.org\/{rel}","templated":true}]}}