{"id":357412,"date":"2024-11-28T10:02:29","date_gmt":"2024-11-28T07:02:29","guid":{"rendered":"https:\/\/www.altso.org.tr\/?page_id=357412"},"modified":"2024-11-28T11:04:37","modified_gmt":"2024-11-28T08:04:37","slug":"uye-talep-ve-cozum-onerileri-formu","status":"publish","type":"page","link":"https:\/\/www.altso.org.tr\/en\/dilekce-ve-formlar\/uye-talep-ve-cozum-onerileri-formu\/","title":{"rendered":"Request &#038; Solution Suggestions Form"},"content":{"rendered":"<p>Faaliyet alan\u0131n\u0131zla ilgili odam\u0131zdan bekledi\u011finiz her t\u00fcrl\u00fc talep ve \u00e7\u00f6z\u00fcm \u00f6nerililerinizi bu form arac\u0131l\u0131\u011f\u0131yla bize iletebilirsiniz.<br \/>\nT\u00fcm talep ve \u00f6nerileriniz odam\u0131zca de\u011ferlendirilecektir.<br \/>\nTe\u015fekk\u00fcr ederiz&#8230;..<\/p>\n<hr class=\"hr \" \/>\n<div class=\"wpcf7 no-js\" id=\"wpcf7-f357411-o1\" lang=\"tr-TR\" dir=\"ltr\" data-wpcf7-id=\"357411\">\n<div class=\"screen-reader-response\">\n<p role=\"status\" aria-live=\"polite\" aria-atomic=\"true\">\n<ul><\/ul>\n<\/div>\n<form action=\"\/en\/wp-json\/wp\/v2\/pages\/357412#wpcf7-f357411-o1\" method=\"post\" class=\"wpcf7-form init\" aria-label=\"\u0130leti\u015fim Formu\" novalidate=\"novalidate\" data-status=\"init\">\n<fieldset class=\"hidden-fields-container\"><input type=\"hidden\" name=\"_wpcf7\" value=\"357411\" \/><input type=\"hidden\" name=\"_wpcf7_version\" value=\"6.1.5\" \/><input type=\"hidden\" name=\"_wpcf7_locale\" value=\"tr_TR\" \/><input type=\"hidden\" name=\"_wpcf7_unit_tag\" value=\"wpcf7-f357411-o1\" \/><input type=\"hidden\" name=\"_wpcf7_container_post\" value=\"0\" \/><input type=\"hidden\" name=\"_wpcf7_posted_data_hash\" value=\"\" \/><input type=\"hidden\" name=\"_wpcf7_recaptcha_response\" value=\"\" \/><br \/>\n<\/fieldset>\n<div id=\"MyForm\">\n<div class=\"row\">\n<div class=\"col-md-12 field\"><span class=\"wpcf7-form-control-wrap\" data-name=\"your-name\"><input size=\"40\" maxlength=\"400\" class=\"wpcf7-form-control wpcf7-text wpcf7-validates-as-required\" aria-required=\"true\" aria-invalid=\"false\" placeholder=\"Ad\u0131 Soyad\u0131*\" value=\"\" type=\"text\" name=\"your-name\" \/><\/span><\/div>\n<div class=\"col-md-6 field\"><span class=\"wpcf7-form-control-wrap\" data-name=\"your-phone\"><input size=\"40\" maxlength=\"400\" class=\"wpcf7-form-control wpcf7-text wpcf7-validates-as-required\" aria-required=\"true\" aria-invalid=\"false\" placeholder=\"Telefon*\" value=\"\" type=\"text\" name=\"your-phone\" \/><\/span><\/div>\n<div class=\"col-md-6 field\"><span class=\"wpcf7-form-control-wrap\" data-name=\"your-email\"><input size=\"40\" maxlength=\"400\" class=\"wpcf7-form-control wpcf7-email wpcf7-validates-as-required wpcf7-text wpcf7-validates-as-email\" aria-required=\"true\" aria-invalid=\"false\" placeholder=\"E-mail*\" value=\"\" type=\"email\" name=\"your-email\" \/><\/span><\/div>\n<\/p><\/div>\n<div class=\"row\">\n<div class=\"col-md-12 field\"><span class=\"wpcf7-form-control-wrap\" data-name=\"your-firm\"><input size=\"40\" maxlength=\"400\" class=\"wpcf7-form-control wpcf7-text wpcf7-validates-as-required\" aria-required=\"true\" aria-invalid=\"false\" placeholder=\"Ticaret \u00dcnvan\u0131*\" value=\"\" type=\"text\" name=\"your-firm\" \/><\/span><\/div>\n<div class=\"col-md-12 field\"><span class=\"wpcf7-form-control-wrap\" data-name=\"your-subject\"><input size=\"40\" maxlength=\"400\" class=\"wpcf7-form-control wpcf7-text\" aria-invalid=\"false\" placeholder=\"Faaliyet Konusu\" value=\"\" type=\"text\" name=\"your-subject\" \/><\/span><\/div>\n<\/p><\/div>\n<div class=\"row\">\n<div class=\"col-md-12 field\"><span class=\"wpcf7-form-control-wrap\" data-name=\"your-demands\"><textarea cols=\"40\" rows=\"4\" maxlength=\"2000\" class=\"wpcf7-form-control wpcf7-textarea height-inherit\" aria-invalid=\"false\" placeholder=\"Talepler\" name=\"your-demands\"><\/textarea><\/span><\/div>\n<div class=\"col-md-12 field\"><span class=\"wpcf7-form-control-wrap\" data-name=\"your-suggestion\"><textarea cols=\"40\" rows=\"10\" maxlength=\"2000\" class=\"wpcf7-form-control wpcf7-textarea\" aria-invalid=\"false\" placeholder=\"\u00c7\u00f6z\u00fcm \u00d6nerileri\" name=\"your-suggestion\"><\/textarea><\/span><\/div>\n<\/p><\/div>\n<div class=\"row\">\n<div class=\"col-md-12\">\n<div class=\"submit-wrap\"><\/div>\n<div class=\"submit-wrap button-wrap\"><input class=\"wpcf7-form-control wpcf7-submit has-spinner\" type=\"submit\" value=\"G\u00f6nder\" \/><\/div>\n<\/p><\/div>\n<\/p><\/div>\n<\/div>\n<div class=\"wpcf7-response-output\" aria-hidden=\"true\"><\/div>\n<\/form>\n<\/div>\n","protected":false},"excerpt":{"rendered":"<p>Faaliyet alan\u0131n\u0131zla ilgili odam\u0131zdan bekledi\u011finiz her t\u00fcrl\u00fc talep ve \u00e7\u00f6z\u00fcm \u00f6nerililerinizi bu form arac\u0131l\u0131\u011f\u0131yla bize iletebilirsiniz. T\u00fcm talep ve \u00f6nerileriniz odam\u0131zca de\u011ferlendirilecektir. Te\u015fekk\u00fcr ederiz&#8230;..<\/p>\n","protected":false},"author":1,"featured_media":0,"parent":7915,"menu_order":10,"comment_status":"closed","ping_status":"closed","template":"","meta":{"footnotes":""},"class_list":["post-357412","page","type-page","status-publish","hentry"],"_links":{"self":[{"href":"https:\/\/www.altso.org.tr\/en\/wp-json\/wp\/v2\/pages\/357412","targetHints":{"allow":["GET"]}}],"collection":[{"href":"https:\/\/www.altso.org.tr\/en\/wp-json\/wp\/v2\/pages"}],"about":[{"href":"https:\/\/www.altso.org.tr\/en\/wp-json\/wp\/v2\/types\/page"}],"author":[{"embeddable":true,"href":"https:\/\/www.altso.org.tr\/en\/wp-json\/wp\/v2\/users\/1"}],"replies":[{"embeddable":true,"href":"https:\/\/www.altso.org.tr\/en\/wp-json\/wp\/v2\/comments?post=357412"}],"version-history":[{"count":2,"href":"https:\/\/www.altso.org.tr\/en\/wp-json\/wp\/v2\/pages\/357412\/revisions"}],"predecessor-version":[{"id":357415,"href":"https:\/\/www.altso.org.tr\/en\/wp-json\/wp\/v2\/pages\/357412\/revisions\/357415"}],"up":[{"embeddable":true,"href":"https:\/\/www.altso.org.tr\/en\/wp-json\/wp\/v2\/pages\/7915"}],"wp:attachment":[{"href":"https:\/\/www.altso.org.tr\/en\/wp-json\/wp\/v2\/media?parent=357412"}],"curies":[{"name":"wp","href":"https:\/\/api.w.org\/{rel}","templated":true}]}}