{"id":7211,"date":"2023-05-24T14:44:49","date_gmt":"2023-05-24T11:44:49","guid":{"rendered":"http:\/\/www.altso.org.tr\/?page_id=7211"},"modified":"2025-06-16T16:22:12","modified_gmt":"2025-06-16T13:22:12","slug":"oda-meclisi","status":"publish","type":"page","link":"https:\/\/www.altso.org.tr\/en\/yonetim-ve-organizasyon\/oda-meclisi\/","title":{"rendered":"Chamber Assembly"},"content":{"rendered":"","protected":false},"excerpt":{"rendered":"<p>Meclis Ba\u015fkanl\u0131k Divan\u0131 \u00a0 \u00a0 Ba\u015fkan Vekili Mustafa IRMAK Ba\u015fkan Metin ATALAY \u00a0 Ba\u015fkan Vekili Refik \u00d6ZDEM\u0130R \u00a0 Meclis \u00dcyeleri \u00a0 \u00a0 Mehmet \u015eAH\u0130N Katip \u00dcye Celal ZAFER\u00a0 \u00a0 Mehmet HAT\u0130PO\u011eLU \u00a0 Vedat KAYGISIZ Mehmet AKCA Mehmet ORDUKAYA \u00a0 \u00a0 Mustafa TUNA \u00a0 Mehmet \u00c7ET\u0130N \u00d6mer \u00d6ZMET\u0130N \u00a0 \u00d6zcan \u015eafak MAV\u0130L\u0130\u00a0 Mehmet Emin DALGI\u00c7 Ahmet B\u00dcK\u00dc\u015e \u00a0 \u00a0&#8230;<\/p>\n","protected":false},"author":1,"featured_media":0,"parent":7209,"menu_order":0,"comment_status":"closed","ping_status":"closed","template":"page-governance.php","meta":{"footnotes":""},"class_list":["post-7211","page","type-page","status-publish","hentry"],"_links":{"self":[{"href":"https:\/\/www.altso.org.tr\/en\/wp-json\/wp\/v2\/pages\/7211","targetHints":{"allow":["GET"]}}],"collection":[{"href":"https:\/\/www.altso.org.tr\/en\/wp-json\/wp\/v2\/pages"}],"about":[{"href":"https:\/\/www.altso.org.tr\/en\/wp-json\/wp\/v2\/types\/page"}],"author":[{"embeddable":true,"href":"https:\/\/www.altso.org.tr\/en\/wp-json\/wp\/v2\/users\/1"}],"replies":[{"embeddable":true,"href":"https:\/\/www.altso.org.tr\/en\/wp-json\/wp\/v2\/comments?post=7211"}],"version-history":[{"count":1,"href":"https:\/\/www.altso.org.tr\/en\/wp-json\/wp\/v2\/pages\/7211\/revisions"}],"predecessor-version":[{"id":336972,"href":"https:\/\/www.altso.org.tr\/en\/wp-json\/wp\/v2\/pages\/7211\/revisions\/336972"}],"up":[{"embeddable":true,"href":"https:\/\/www.altso.org.tr\/en\/wp-json\/wp\/v2\/pages\/7209"}],"wp:attachment":[{"href":"https:\/\/www.altso.org.tr\/en\/wp-json\/wp\/v2\/media?parent=7211"}],"curies":[{"name":"wp","href":"https:\/\/api.w.org\/{rel}","templated":true}]}}