{"id":7866,"date":"2017-02-10T14:08:59","date_gmt":"2017-02-10T12:08:59","guid":{"rendered":"http:\/\/www.altso.org.tr\/?page_id=7866"},"modified":"2023-10-27T10:02:28","modified_gmt":"2023-10-27T07:02:28","slug":"genc-girisimciler-kurulu","status":"publish","type":"page","link":"https:\/\/www.altso.org.tr\/en\/kurul-ve-komisyonlar\/genc-girisimciler-kurulu\/","title":{"rendered":"Young Entrepreneurs Board"},"content":{"rendered":"<p><\/p>\n<div class=\"row lbi-row\">\n<div class=\"col-md-6\">\n<ul class=\"leartes-ul with-disc\">\n<li>AHMET REHA G\u00d6KG\u00dcL<\/li>\n<li>AHMET R\u00dcSTEMO\u011eLU<\/li>\n<li>AHMET TUNCER<\/li>\n<li>AK\u0130F \u015eAH\u0130N<\/li>\n<li>ALAADD\u0130N I\u015eIK<\/li>\n<li>AL\u0130 KEMAL S\u00d6ZEN<\/li>\n<li>AL\u0130 \u00d6ZDEM\u0130R<\/li>\n<li>AL\u0130 S\u0130NAN G\u00dcRSES<\/li>\n<li>ALPER ARIKAN<\/li>\n<li>ALPER KAN<\/li>\n<li>ATAMAN KURAL<\/li>\n<li>AYCAN FENERC\u0130O\u011eLU<\/li>\n<li>BUSEM KIRBIYIK<\/li>\n<li>C\u0130HAN KAMBURO\u011eLU<\/li>\n<li>EMEL Y\u00dcZBA\u015eIO\u011eLU<\/li>\n<li>EM\u0130NE ZAMANO\u011eLU \u00d6ZCAN<\/li>\n<li>EMRE KODAL<\/li>\n<li>ERKAN CEBEC\u0130<\/li>\n<li>EZG\u0130 BAYDAN<\/li>\n<li>FAT\u0130H S\u0130PAH\u0130O\u011eLU<\/li>\n<li>GAMZE GARGI \u00c7OLAK<\/li>\n<li>G\u00d6KAY DA\u015eDELEN<\/li>\n<li>G\u00d6KHAN S\u0130PAH\u0130O\u011eLU<\/li>\n<li>G\u00dcL S\u00d6NMEZ<\/li>\n<li>G\u00dcLNUR NAZ\u0130FO\u011eLU<\/li>\n<li>HACI H\u00dcSEY\u0130N \u00d6Z\u00c7EL\u0130K<\/li>\n<li>HARUN YAL\u00c7IN<\/li>\n<li>HASAN CAN KAMBURO\u011eLU<\/li>\n<li>H\u00dcSAMETT\u0130N D\u0130KMENL\u0130<\/li>\n<li>JALE TAKAVUT<\/li>\n<li>KAD\u0130R AKIN<\/li>\n<li>KADR\u0130 KASAPO\u011eLU<\/li>\n<li>KEMAL KAHYA<\/li>\n<\/ul>\n<\/div>\n<div class=\"col-md-6\">\n<ul class=\"leartes-ul with-disc\">\n<li>KEMAL YAL\u00c7INER<\/li>\n<li>KEMAL ZAMANO\u011eLU<\/li>\n<li>KORAY HANCI<\/li>\n<li>LYUDMYLA TUFAN<\/li>\n<li>MEHMET C\u0130MR\u0130N<\/li>\n<li>MEHMET ERTUN\u00c7<\/li>\n<li>MEHMET PA\u015eAO\u011eLU<\/li>\n<li>MURAT ALPER DUMLU<\/li>\n<li>MUSTAFA DE\u011e\u0130RMENC\u0130<\/li>\n<li>MUSTAFA S\u00d6NMEZ<\/li>\n<li>MUSTAFA TOKLU<\/li>\n<li>MUSTAFA TOKS\u00d6Z<\/li>\n<li>M\u00dcN\u00dcR BARCIN<\/li>\n<li>M\u00dcZEYYEN G\u00d6K\u00c7EN NAZ\u0130FO\u011eLU<\/li>\n<li>NA\u0130LE UYGUN<\/li>\n<li>N\u0130HAT TUFAN<\/li>\n<li>N\u0130MET ALAETT\u0130NO\u011eLU<\/li>\n<li>NUMAN G\u00d6RG\u00dcN<\/li>\n<li>RAGIB ERDEM<\/li>\n<li>RAHM\u0130 \u00c7OLAK<\/li>\n<li>RA\u015e\u0130T BURAK EKEBA\u015e<\/li>\n<li>RECEP SERDENGE\u00c7T\u0130<\/li>\n<li>SADIK Y\u00dcZBA\u015eIO\u011eLU<\/li>\n<li>SELMAN ALAETT\u0130NO\u011eLU<\/li>\n<li>SERAP S\u0130PAH\u0130O\u011eLU I\u015eIK<\/li>\n<li>SERDAR UYGUN<\/li>\n<li>SEYF\u0130 BEKAR<\/li>\n<li>\u015e\u00dcKR\u00dc M\u00dcFT\u00dcO\u011eLU<\/li>\n<li>TAH\u0130R ARSLAN<\/li>\n<li>TAHS\u0130N YETK\u0130N<\/li>\n<li>TARIK S\u0130PAH\u0130O\u011eLU<\/li>\n<li>TUNAHAN TOKS\u00d6Z<\/li>\n<li>YILMAZ \u0130\u00c7MEN<\/li>\n<\/ul>\n<\/div>\n<\/div>\n<p><\/p>","protected":false},"excerpt":{"rendered":"","protected":false},"author":1,"featured_media":0,"parent":7754,"menu_order":1,"comment_status":"closed","ping_status":"closed","template":"","meta":{"footnotes":""},"class_list":["post-7866","page","type-page","status-publish","hentry"],"_links":{"self":[{"href":"https:\/\/www.altso.org.tr\/en\/wp-json\/wp\/v2\/pages\/7866","targetHints":{"allow":["GET"]}}],"collection":[{"href":"https:\/\/www.altso.org.tr\/en\/wp-json\/wp\/v2\/pages"}],"about":[{"href":"https:\/\/www.altso.org.tr\/en\/wp-json\/wp\/v2\/types\/page"}],"author":[{"embeddable":true,"href":"https:\/\/www.altso.org.tr\/en\/wp-json\/wp\/v2\/users\/1"}],"replies":[{"embeddable":true,"href":"https:\/\/www.altso.org.tr\/en\/wp-json\/wp\/v2\/comments?post=7866"}],"version-history":[{"count":1,"href":"https:\/\/www.altso.org.tr\/en\/wp-json\/wp\/v2\/pages\/7866\/revisions"}],"predecessor-version":[{"id":337199,"href":"https:\/\/www.altso.org.tr\/en\/wp-json\/wp\/v2\/pages\/7866\/revisions\/337199"}],"up":[{"embeddable":true,"href":"https:\/\/www.altso.org.tr\/en\/wp-json\/wp\/v2\/pages\/7754"}],"wp:attachment":[{"href":"https:\/\/www.altso.org.tr\/en\/wp-json\/wp\/v2\/media?parent=7866"}],"curies":[{"name":"wp","href":"https:\/\/api.w.org\/{rel}","templated":true}]}}