{"id":7931,"date":"2017-02-13T16:52:31","date_gmt":"2017-02-13T14:52:31","guid":{"rendered":"http:\/\/www.altso.org.tr\/?page_id=7931"},"modified":"2024-11-28T11:07:23","modified_gmt":"2024-11-28T08:07:23","slug":"bilgi-edinme-basvuru-formu-tuzel-kisiler-icin","status":"publish","type":"page","link":"https:\/\/www.altso.org.tr\/en\/dilekce-ve-formlar\/bilgi-edinme-basvuru-formu-tuzel-kisiler-icin\/","title":{"rendered":"Information Request Form (T\u00fczel Ki\u015filer \u0130\u00e7in)"},"content":{"rendered":"<p><\/p>\n<div class=\"wpcf7 no-js\" id=\"wpcf7-f7936-o2\" lang=\"tr-TR\" dir=\"ltr\" data-wpcf7-id=\"7936\">\n<div class=\"screen-reader-response\">\n<p role=\"status\" aria-live=\"polite\" aria-atomic=\"true\">\n<ul><\/ul>\n<\/div>\n<form action=\"\/en\/wp-json\/wp\/v2\/pages\/7931#wpcf7-f7936-o2\" method=\"post\" class=\"wpcf7-form init\" aria-label=\"\u0130leti\u015fim Formu\" novalidate=\"novalidate\" data-status=\"init\">\n<fieldset class=\"hidden-fields-container\"><input type=\"hidden\" name=\"_wpcf7\" value=\"7936\" \/><input type=\"hidden\" name=\"_wpcf7_version\" value=\"6.1.5\" \/><input type=\"hidden\" name=\"_wpcf7_locale\" value=\"tr_TR\" \/><input type=\"hidden\" name=\"_wpcf7_unit_tag\" value=\"wpcf7-f7936-o2\" \/><input type=\"hidden\" name=\"_wpcf7_container_post\" value=\"0\" \/><input type=\"hidden\" name=\"_wpcf7_posted_data_hash\" value=\"\" \/><input type=\"hidden\" name=\"_wpcf7_recaptcha_response\" value=\"\" \/><br \/>\n<\/fieldset>\n<div id=\"MyForm\">\n<div class=\"row\">\n<div class=\"col-md-12 field\">T\u00fczel Ki\u015finin:<\/div>\n<div class=\"col-md-12 field\"><span class=\"wpcf7-form-control-wrap\" data-name=\"your-title\"><input size=\"40\" maxlength=\"400\" class=\"wpcf7-form-control wpcf7-text wpcf7-validates-as-required\" aria-required=\"true\" aria-invalid=\"false\" placeholder=\"\u00dcnvan\u0131*\" value=\"\" type=\"text\" name=\"your-title\" \/><\/span><\/div>\n<div class=\"col-md-12\"><span class=\"wpcf7-form-control-wrap\" data-name=\"your-address\"><textarea cols=\"40\" rows=\"3\" maxlength=\"2000\" minlength=\"16\" class=\"wpcf7-form-control wpcf7-textarea wpcf7-validates-as-required height-inherit\" aria-required=\"true\" aria-invalid=\"false\" placeholder=\"Adresi*\" name=\"your-address\"><\/textarea><\/span><\/div>\n<\/p><\/div>\n<div class=\"row\">\n<div class=\"col-md-12 field\">Yetkili Ki\u015finin:<\/div>\n<div class=\"col-md-6 field\"><span class=\"wpcf7-form-control-wrap\" data-name=\"your-name\"><input size=\"40\" maxlength=\"400\" class=\"wpcf7-form-control wpcf7-text wpcf7-validates-as-required\" aria-required=\"true\" aria-invalid=\"false\" placeholder=\"Ad\u0131*\" value=\"\" type=\"text\" name=\"your-name\" \/><\/span><\/div>\n<div class=\"col-md-6 field\"><span class=\"wpcf7-form-control-wrap\" data-name=\"your-surname\"><input size=\"40\" maxlength=\"400\" class=\"wpcf7-form-control wpcf7-text wpcf7-validates-as-required\" aria-required=\"true\" aria-invalid=\"false\" placeholder=\"Soyad\u0131*\" value=\"\" type=\"text\" name=\"your-surname\" \/><\/span><\/div>\n<div class=\"col-md-6 field\"><span class=\"wpcf7-form-control-wrap\" data-name=\"your-tckn\"><input size=\"40\" maxlength=\"11\" minlength=\"11\" class=\"wpcf7-form-control wpcf7-text wpcf7-validates-as-required\" aria-required=\"true\" aria-invalid=\"false\" placeholder=\"T.C. Kimlik Nosu*\" value=\"\" type=\"text\" name=\"your-tckn\" \/><\/span><\/div>\n<div class=\"col-md-6 field\"><span class=\"wpcf7-form-control-wrap\" data-name=\"your-email\"><input size=\"40\" maxlength=\"400\" class=\"wpcf7-form-control wpcf7-email wpcf7-validates-as-required wpcf7-text wpcf7-validates-as-email\" aria-required=\"true\" aria-invalid=\"false\" placeholder=\"E-mail Adresi*:\" value=\"\" type=\"email\" name=\"your-email\" \/><\/span><\/div>\n<\/p><\/div>\n<div class=\"row\">\n<div class=\"col-md-6\">Ba\u015fvuruya hangi yolla cevap almak istersiniz?<\/div>\n<div class=\"col-md-6\"><span class=\"wpcf7-form-control-wrap\" data-name=\"radio-reply\"><span class=\"wpcf7-form-control wpcf7-radio radio-reply\"><span class=\"wpcf7-list-item first\"><label><input type=\"radio\" name=\"radio-reply\" value=\"Yaz\u0131l\u0131\" \/><span class=\"wpcf7-list-item-label\">Yaz\u0131l\u0131<\/span><\/label><\/span><span class=\"wpcf7-list-item last\"><label><input type=\"radio\" name=\"radio-reply\" value=\"Elektronik\" checked=\"checked\" \/><span class=\"wpcf7-list-item-label\">Elektronik<\/span><\/label><\/span><\/span><\/span><\/div>\n<\/p><\/div>\n<div class=\"row\">\n<div class=\"col-md-12\"><span class=\"wpcf7-form-control-wrap\" data-name=\"your-request\"><textarea cols=\"40\" rows=\"10\" maxlength=\"2000\" minlength=\"16\" class=\"wpcf7-form-control wpcf7-textarea\" aria-invalid=\"false\" placeholder=\"\u0130stenilen Bilgi veya Belgeler\" name=\"your-request\"><\/textarea><\/span><\/div>\n<\/p><\/div>\n<div class=\"row\">\n<div class=\"col-md-12\">\n<div class=\"submit-wrap\"><\/div>\n<div class=\"submit-wrap button-wrap\"><input class=\"wpcf7-form-control wpcf7-submit has-spinner\" type=\"submit\" value=\"G\u00f6nder\" \/><\/div>\n<\/p><\/div>\n<\/p><\/div>\n<\/div>\n<div class=\"wpcf7-response-output\" aria-hidden=\"true\"><\/div>\n<\/form>\n<\/div>\n<p><\/p>","protected":false},"excerpt":{"rendered":"<p>Sorry, this entry is only available in Turkish.<\/p>\n","protected":false},"author":1,"featured_media":0,"parent":7915,"menu_order":80,"comment_status":"closed","ping_status":"closed","template":"","meta":{"footnotes":""},"class_list":["post-7931","page","type-page","status-publish","hentry"],"_links":{"self":[{"href":"https:\/\/www.altso.org.tr\/en\/wp-json\/wp\/v2\/pages\/7931","targetHints":{"allow":["GET"]}}],"collection":[{"href":"https:\/\/www.altso.org.tr\/en\/wp-json\/wp\/v2\/pages"}],"about":[{"href":"https:\/\/www.altso.org.tr\/en\/wp-json\/wp\/v2\/types\/page"}],"author":[{"embeddable":true,"href":"https:\/\/www.altso.org.tr\/en\/wp-json\/wp\/v2\/users\/1"}],"replies":[{"embeddable":true,"href":"https:\/\/www.altso.org.tr\/en\/wp-json\/wp\/v2\/comments?post=7931"}],"version-history":[{"count":1,"href":"https:\/\/www.altso.org.tr\/en\/wp-json\/wp\/v2\/pages\/7931\/revisions"}],"predecessor-version":[{"id":357428,"href":"https:\/\/www.altso.org.tr\/en\/wp-json\/wp\/v2\/pages\/7931\/revisions\/357428"}],"up":[{"embeddable":true,"href":"https:\/\/www.altso.org.tr\/en\/wp-json\/wp\/v2\/pages\/7915"}],"wp:attachment":[{"href":"https:\/\/www.altso.org.tr\/en\/wp-json\/wp\/v2\/media?parent=7931"}],"curies":[{"name":"wp","href":"https:\/\/api.w.org\/{rel}","templated":true}]}}